{"id":67,"date":"2023-07-26T20:26:41","date_gmt":"2023-07-26T20:26:41","guid":{"rendered":"https:\/\/theview.villas\/contact\/"},"modified":"2024-11-14T12:08:47","modified_gmt":"2024-11-14T12:08:47","slug":"contact","status":"publish","type":"page","link":"https:\/\/theview.villas\/fr\/contact\/","title":{"rendered":"Contact"},"content":{"rendered":"<p><div class=\"fusion-fullwidth fullwidth-box fusion-builder-row-1 fusion-flex-container has-pattern-background has-mask-background fusion-parallax-none hundred-percent-fullwidth hundred-percent-height hundred-percent-height-center-content non-hundred-percent-height-scrolling lazyload\" style=\"--awb-border-radius-top-left:0px;--awb-border-radius-top-right:0px;--awb-border-radius-bottom-right:0px;--awb-border-radius-bottom-left:0px;--awb-padding-right:0px;--awb-padding-bottom:0px;--awb-padding-left:0px;--awb-padding-bottom-small:0px;--awb-margin-bottom:0px;--awb-margin-bottom-small:0px;--awb-background-size:cover;--awb-background-size-small:cover;--awb-flex-wrap:wrap;\" data-bg=\"https:\/\/theview.villas\/wp-content\/uploads\/2024\/03\/main-5-scaled.jpeg\" data-fusion-responsive-bg=\"1\" data-bg-small=\"https:\/\/theview.villas\/wp-content\/uploads\/2024\/03\/main-5-scaled.jpeg\" ><div class=\"fusion-builder-row fusion-row fusion-flex-align-items-flex-start fusion-flex-justify-content-center fusion-flex-content-wrap\" style=\"width:104% !important;max-width:104% !important;margin-left: calc(-4% \/ 2 );margin-right: calc(-4% \/ 2 );\"><div class=\"fusion-layout-column fusion_builder_column fusion-builder-column-0 fusion_builder_column_1_1 1_1 fusion-flex-column fusion-flex-align-self-flex-start\" style=\"--awb-bg-size:cover;--awb-width-large:100%;--awb-margin-top-large:0px;--awb-spacing-right-large:1.92%;--awb-margin-bottom-large:0px;--awb-spacing-left-large:1.92%;--awb-width-medium:100%;--awb-order-medium:0;--awb-spacing-right-medium:1.92%;--awb-spacing-left-medium:1.92%;--awb-width-small:100%;--awb-order-small:0;--awb-spacing-right-small:1.92%;--awb-spacing-left-small:1.92%;\"><div class=\"fusion-column-wrapper fusion-column-has-shadow fusion-flex-justify-content-flex-start fusion-content-layout-column\"><div class=\"fusion-builder-row fusion-builder-row-inner fusion-row fusion-flex-align-items-flex-start fusion-flex-justify-content-center fusion-flex-content-wrap\" style=\"--awb-flex-grow:0;--awb-flex-grow-medium:0;--awb-flex-grow-small:0;--awb-flex-shrink:0;--awb-flex-shrink-medium:0;--awb-flex-shrink-small:0;width:104% !important;max-width:104% !important;margin-left: calc(-4% \/ 2 );margin-right: calc(-4% \/ 2 );\"><div class=\"fusion-layout-column fusion_builder_column_inner fusion-builder-nested-column-0 fusion_builder_column_inner_3_4 3_4 fusion-flex-column fusion-flex-align-self-flex-start\" style=\"--awb-bg-color:var(--awb-color2);--awb-bg-color-hover:var(--awb-color2);--awb-bg-size:cover;--awb-width-large:75%;--awb-margin-top-large:300px;--awb-spacing-right-large:24.832%;--awb-margin-bottom-large:400px;--awb-spacing-left-large:28.544%;--awb-width-medium:75%;--awb-order-medium:0;--awb-spacing-right-medium:24.832%;--awb-spacing-left-medium:28.544%;--awb-width-small:100%;--awb-order-small:0;--awb-spacing-right-small:1.92%;--awb-spacing-left-small:1.92%;\"><div class=\"fusion-column-wrapper fusion-column-has-shadow fusion-flex-justify-content-flex-start fusion-content-layout-column\"><div class=\"fusion-title title fusion-title-1 fusion-sep-none fusion-title-center fusion-title-text fusion-title-size-one\" style=\"--awb-text-color:var(--awb-color1);--awb-margin-top-small:10px;--awb-margin-right-small:0px;--awb-margin-bottom-small:10px;--awb-margin-left-small:0px;--awb-font-size:50px;\"><h1 class=\"fusion-title-heading title-heading-center\" style=\"font-family:&quot;Montserrat&quot;;font-style:normal;font-weight:300;margin:0;font-size:1em;\">CONTACT<\/h1><\/div><div class=\"fusion-text fusion-text-1\" style=\"--awb-content-alignment:center;--awb-font-size:20px;--awb-text-font-family:&quot;Montserrat&quot;;--awb-text-font-style:normal;--awb-text-font-weight:300;\"><p>Contactez nous<\/p>\n<\/div><\/div><\/div><\/div><\/div><\/div><\/div><\/div><div class=\"fusion-fullwidth fullwidth-box fusion-builder-row-2 fusion-flex-container has-pattern-background has-mask-background hundred-percent-fullwidth non-hundred-percent-height-scrolling\" style=\"--awb-border-radius-top-left:0px;--awb-border-radius-top-right:0px;--awb-border-radius-bottom-right:0px;--awb-border-radius-bottom-left:0px;--awb-padding-top:0px;--awb-padding-left:0px;--awb-padding-top-small:0px;--awb-padding-bottom-small:0px;--awb-padding-left-small:0px;--awb-margin-bottom:20px;--awb-margin-bottom-small:0px;--awb-flex-wrap:wrap;\" ><div class=\"fusion-builder-row fusion-row fusion-flex-align-items-flex-start fusion-flex-justify-content-center fusion-flex-content-wrap\" style=\"width:104% !important;max-width:104% !important;margin-left: calc(-4% \/ 2 );margin-right: calc(-4% \/ 2 );\"><div class=\"fusion-layout-column fusion_builder_column fusion-builder-column-1 fusion_builder_column_1_4 1_4 fusion-flex-column\" style=\"--awb-bg-size:cover;--awb-width-large:25%;--awb-margin-top-large:50px;--awb-spacing-right-large:7.68%;--awb-margin-bottom-large:20px;--awb-spacing-left-large:7.68%;--awb-width-medium:25%;--awb-order-medium:0;--awb-spacing-right-medium:7.68%;--awb-spacing-left-medium:7.68%;--awb-width-small:100%;--awb-order-small:0;--awb-spacing-right-small:1.92%;--awb-spacing-left-small:1.92%;\"><div class=\"fusion-column-wrapper fusion-column-has-shadow fusion-flex-justify-content-flex-start fusion-content-layout-column\"><div class=\"fusion-image-element fusion-no-small-visibility\" style=\"--awb-aspect-ratio:9 \/ 21;--awb-caption-title-font-family:var(--h2_typography-font-family);--awb-caption-title-font-weight:var(--h2_typography-font-weight);--awb-caption-title-font-style:var(--h2_typography-font-style);--awb-caption-title-size:var(--h2_typography-font-size);--awb-caption-title-transform:var(--h2_typography-text-transform);--awb-caption-title-line-height:var(--h2_typography-line-height);--awb-caption-title-letter-spacing:var(--h2_typography-letter-spacing);\"><span class=\"fusion-imageframe imageframe-none imageframe-1 hover-type-none has-aspect-ratio\"><img decoding=\"async\" width=\"1635\" height=\"2560\" title=\"1R8A4869\" src=\"https:\/\/theview.villas\/wp-content\/uploads\/2024\/02\/1R8A4869-scaled.jpg\" data-orig-src=\"https:\/\/theview.villas\/wp-content\/uploads\/2024\/02\/1R8A4869-scaled.jpg\" class=\"lazyload img-responsive wp-image-3419 img-with-aspect-ratio\" data-parent-fit=\"cover\" data-parent-container=\".fusion-image-element\" alt srcset=\"data:image\/svg+xml,%3Csvg%20xmlns%3D%27http%3A%2F%2Fwww.w3.org%2F2000%2Fsvg%27%20width%3D%271635%27%20height%3D%272560%27%20viewBox%3D%270%200%201635%202560%27%3E%3Crect%20width%3D%271635%27%20height%3D%272560%27%20fill-opacity%3D%220%22%2F%3E%3C%2Fsvg%3E\" data-srcset=\"https:\/\/theview.villas\/wp-content\/uploads\/2024\/02\/1R8A4869-200x313.jpg 200w, https:\/\/theview.villas\/wp-content\/uploads\/2024\/02\/1R8A4869-400x626.jpg 400w, https:\/\/theview.villas\/wp-content\/uploads\/2024\/02\/1R8A4869-600x940.jpg 600w, https:\/\/theview.villas\/wp-content\/uploads\/2024\/02\/1R8A4869-800x1253.jpg 800w, https:\/\/theview.villas\/wp-content\/uploads\/2024\/02\/1R8A4869-1200x1879.jpg 1200w, https:\/\/theview.villas\/wp-content\/uploads\/2024\/02\/1R8A4869-scaled.jpg 1635w\" data-sizes=\"auto\" data-orig-sizes=\"(max-width: 640px) 100vw, 400px\" \/><\/span><\/div><\/div><\/div><header class=\"fusion-layout-column fusion_builder_column fusion-builder-column-2 fusion_builder_column_1_2 1_2 fusion-flex-column\" style=\"--awb-padding-right:40px;--awb-padding-left:30px;--awb-padding-right-small:0px;--awb-padding-bottom-small:0px;--awb-padding-left-small:0px;--awb-bg-size:cover;--awb-width-large:50%;--awb-margin-top-large:0px;--awb-spacing-right-large:3.84%;--awb-margin-bottom-large:0px;--awb-spacing-left-large:4.416%;--awb-width-medium:50%;--awb-order-medium:0;--awb-spacing-right-medium:3.84%;--awb-spacing-left-medium:4.416%;--awb-width-small:80%;--awb-order-small:0;--awb-spacing-right-small:0%;--awb-margin-bottom-small:0px;--awb-spacing-left-small:0%;\"><div class=\"fusion-column-wrapper fusion-column-has-shadow fusion-flex-justify-content-center fusion-content-layout-row\"><div class=\"fusion-title title fusion-title-2 fusion-sep-none fusion-title-text fusion-title-size-three\" style=\"--awb-margin-top:70px;--awb-margin-top-small:10px;--awb-margin-right-small:0px;--awb-margin-bottom-small:10px;--awb-margin-left-small:0px;--awb-font-size:30px;\"><h3 class=\"fusion-title-heading title-heading-left sm-text-align-center\" style=\"font-family:&quot;Montserrat&quot;;font-style:normal;font-weight:300;margin:0;font-size:1em;\"><div style=\"text-align: left;\"><span style=\"font-size: 1em; letter-spacing: var(--h1_typography-letter-spacing); text-transform: var(--h1_typography-text-transform);\">CONTACT <\/span><\/div><\/h3><\/div><div class=\"fusion-text fusion-text-2 sm-text-align-center fusion-text-no-margin\" style=\"--awb-font-size:14px;--awb-text-color:var(--awb-color8);--awb-margin-top:10px;--awb-margin-right:10px;--awb-margin-bottom:30px;--awb-text-font-family:&quot;Montserrat&quot;;--awb-text-font-style:normal;--awb-text-font-weight:300;\"><p style=\"text-align: center;\">Vous souhaitez en savoir plus sur nos propri\u00e9t\u00e9s ? Voulez-vous voir nos disponibilit\u00e9s et faire une r\u00e9servation ? Ou aimeriez-vous obtenir plus de d\u00e9tails sur nos services de conciergerie ? Nous serons ravis de r\u00e9pondre \u00e0 vos questions. Contactez-nous simplement en utilisant l\u2019une des m\u00e9thodes suivantes:<\/p>\n<div>\n<div><\/div>\n<\/div>\n<\/div><div class=\"fusion-builder-row fusion-builder-row-inner fusion-row fusion-flex-align-items-flex-start fusion-flex-justify-content-center fusion-flex-content-wrap\" style=\"--awb-flex-grow:0;--awb-flex-grow-medium:0;--awb-flex-grow-small:0;--awb-flex-shrink:0;--awb-flex-shrink-medium:0;--awb-flex-shrink-small:0;width:104% !important;max-width:104% !important;margin-left: calc(-4% \/ 2 );margin-right: calc(-4% \/ 2 );\"><div class=\"fusion-layout-column fusion_builder_column_inner fusion-builder-nested-column-1 fusion_builder_column_inner_1_3 1_3 fusion-flex-column\" style=\"--awb-bg-size:cover;--awb-width-large:33.333333333333%;--awb-margin-top-large:0px;--awb-spacing-right-large:5.76%;--awb-margin-bottom-large:20px;--awb-spacing-left-large:5.76%;--awb-width-medium:33.333333333333%;--awb-order-medium:0;--awb-spacing-right-medium:5.76%;--awb-spacing-left-medium:5.76%;--awb-width-small:60%;--awb-order-small:0;--awb-spacing-right-small:3.2%;--awb-margin-bottom-small:0px;--awb-spacing-left-small:3.2%;\"><div class=\"fusion-column-wrapper fusion-column-has-shadow fusion-flex-justify-content-center fusion-content-layout-column\"><i class=\"fb-icon-element-1 fb-icon-element fontawesome-icon fa-map-marker-alt fas circle-yes\" style=\"--awb-iconcolor:var(--awb-color8);--awb-iconcolor-hover:var(--awb-color8);--awb-circlecolor:var(--awb-color1);--awb-circlecolor-hover:var(--awb-color1);--awb-circlebordercolor-hover:var(--awb-color8);--awb-circlebordersize:1px;--awb-font-size:14.08px;--awb-width:28.16px;--awb-height:28.16px;--awb-line-height:26.16px;--awb-align-self:center;--awb-margin-top:0px;--awb-margin-right:0px;--awb-margin-bottom:10px;--awb-margin-left:0px;\"><\/i><div class=\"fusion-text fusion-text-3\" style=\"--awb-content-alignment:center;--awb-font-size:14px;--awb-text-color:var(--awb-color8);--awb-text-font-family:&quot;Montserrat&quot;;--awb-text-font-style:normal;--awb-text-font-weight:300;\"><p>ADDRESS<\/p>\n<p><a href=\"https:\/\/www.google.fr\/maps\/place\/The+View+Villas+Aegina+-+Eucalyptus+Villa\/@37.7009591,23.4715658,17z\/data=!3m1!4b1!4m9!3m8!1s0x14a1d3e3bc6ac587:0x557bd21a6a367269!5m2!4m1!1i2!8m2!3d37.7009591!4d23.4715658!16s%2Fg%2F11j4ctgr2x?entry=ttu\">42 Efkalypton St. Aegina, 18010 PO Box 91<\/a><\/p>\n<\/div><\/div><\/div><div class=\"fusion-layout-column fusion_builder_column_inner fusion-builder-nested-column-2 fusion_builder_column_inner_1_3 1_3 fusion-flex-column\" style=\"--awb-bg-size:cover;--awb-width-large:33.333333333333%;--awb-margin-top-large:0px;--awb-spacing-right-large:5.76%;--awb-margin-bottom-large:20px;--awb-spacing-left-large:5.76%;--awb-width-medium:33.333333333333%;--awb-order-medium:0;--awb-spacing-right-medium:5.76%;--awb-spacing-left-medium:5.76%;--awb-width-small:60%;--awb-order-small:0;--awb-spacing-right-small:3.2%;--awb-margin-bottom-small:0px;--awb-spacing-left-small:3.2%;\"><div class=\"fusion-column-wrapper fusion-column-has-shadow fusion-flex-justify-content-flex-start fusion-content-layout-column\"><i class=\"fb-icon-element-2 fb-icon-element fontawesome-icon fa-envelope fas circle-yes\" style=\"--awb-iconcolor:var(--awb-color8);--awb-iconcolor-hover:var(--awb-color8);--awb-circlecolor:var(--awb-color1);--awb-circlecolor-hover:var(--awb-color1);--awb-circlebordercolor-hover:var(--awb-color8);--awb-circlebordersize:1px;--awb-font-size:14.96px;--awb-width:29.92px;--awb-height:29.92px;--awb-line-height:27.92px;--awb-align-self:center;--awb-margin-top:0px;--awb-margin-right:0px;--awb-margin-bottom:10px;--awb-margin-left:0px;\"><\/i><div class=\"fusion-text fusion-text-4\" style=\"--awb-content-alignment:center;--awb-font-size:14px;--awb-text-color:var(--awb-color8);--awb-text-font-family:&quot;Montserrat&quot;;--awb-text-font-style:normal;--awb-text-font-weight:300;\"><p>EMAIL<\/p>\n<p><a href=\"mailto:info@theview.villas\">info@theview.villas<\/a><\/p>\n<\/div><\/div><\/div><div class=\"fusion-layout-column fusion_builder_column_inner fusion-builder-nested-column-3 fusion_builder_column_inner_1_3 1_3 fusion-flex-column\" style=\"--awb-bg-size:cover;--awb-width-large:33.333333333333%;--awb-margin-top-large:0px;--awb-spacing-right-large:5.76%;--awb-margin-bottom-large:20px;--awb-spacing-left-large:5.76%;--awb-width-medium:33.333333333333%;--awb-order-medium:0;--awb-spacing-right-medium:5.76%;--awb-spacing-left-medium:5.76%;--awb-width-small:60%;--awb-order-small:0;--awb-spacing-right-small:3.2%;--awb-margin-bottom-small:0px;--awb-spacing-left-small:3.2%;\"><div class=\"fusion-column-wrapper fusion-column-has-shadow fusion-flex-justify-content-flex-start fusion-content-layout-column\"><i class=\"fb-icon-element-3 fb-icon-element fontawesome-icon fa-phone-alt fas circle-yes\" style=\"--awb-iconcolor:var(--awb-color8);--awb-iconcolor-hover:var(--awb-color8);--awb-circlecolor:var(--awb-color1);--awb-circlecolor-hover:var(--awb-color1);--awb-circlebordercolor-hover:var(--awb-color8);--awb-circlebordersize:1px;--awb-font-size:14.96px;--awb-width:29.92px;--awb-height:29.92px;--awb-line-height:27.92px;--awb-align-self:center;--awb-margin-top:0px;--awb-margin-right:0px;--awb-margin-bottom:10px;--awb-margin-left:0px;\"><\/i><div class=\"fusion-text fusion-text-5\" style=\"--awb-content-alignment:center;--awb-font-size:14px;--awb-text-color:var(--awb-color8);--awb-text-font-family:&quot;Montserrat&quot;;--awb-text-font-style:normal;--awb-text-font-weight:300;\"><p>PHONE<\/p>\n<p><a href=\"tel:+306987254029\">+306987254029<\/a><\/p>\n<\/div><\/div><\/div><\/div><div class=\"fusion-image-element\" style=\"--awb-margin-top:20px;--awb-margin-bottom:40px;--awb-caption-title-font-family:var(--h2_typography-font-family);--awb-caption-title-font-weight:var(--h2_typography-font-weight);--awb-caption-title-font-style:var(--h2_typography-font-style);--awb-caption-title-size:var(--h2_typography-font-size);--awb-caption-title-transform:var(--h2_typography-text-transform);--awb-caption-title-line-height:var(--h2_typography-line-height);--awb-caption-title-letter-spacing:var(--h2_typography-letter-spacing);\"><span class=\"fusion-imageframe imageframe-none imageframe-3 hover-type-none\"><img decoding=\"async\" src=\"data:image\/gif;base64,R0lGODlhAQABAAAAACH5BAEKAAEALAAAAAABAAEAAAICTAEAOw==\" data-orig-src=\"https:\/\/theview.villas\/wp-content\/uploads\/2024\/11\/Frame-7-1.svg\" alt class=\"lazyload img-responsive\"\/><\/span><\/div><div class=\"fusion-text fusion-text-6\" style=\"--awb-text-color:var(--awb-color8);--awb-text-font-family:&quot;Raleway&quot;;--awb-text-font-style:normal;--awb-text-font-weight:300;\"><p style=\"text-align: center;\"><strong>Si ce que vous voyez vous pla\u00eet et que vous \u00eates pr\u00eat pour le grand saut, consultez notre branche immobili\u00e8re:<\/strong><\/p>\n<p style=\"text-align: center;\"><a href=\"https:\/\/viewvillasrealty.com\/\">https:\/\/viewvillasrealty.com\/<\/a><\/p>\n<\/div><\/div><\/header><\/div><\/div><div class=\"fusion-fullwidth fullwidth-box fusion-builder-row-3 fusion-flex-container has-pattern-background has-mask-background nonhundred-percent-fullwidth non-hundred-percent-height-scrolling fusion-no-medium-visibility fusion-no-large-visibility\" style=\"--awb-border-radius-top-left:0px;--awb-border-radius-top-right:0px;--awb-border-radius-bottom-right:0px;--awb-border-radius-bottom-left:0px;--awb-margin-top-small:25px;--awb-flex-wrap:wrap;\" ><div class=\"fusion-builder-row fusion-row fusion-flex-align-items-flex-start fusion-flex-content-wrap\" style=\"max-width:83.2%;margin-left: calc(-4% \/ 2 );margin-right: calc(-4% \/ 2 );\"><div class=\"fusion-layout-column fusion_builder_column fusion-builder-column-3 fusion_builder_column_2_5 2_5 fusion-flex-column\" style=\"--awb-bg-size:cover;--awb-width-large:40%;--awb-margin-top-large:0px;--awb-spacing-right-large:4.8%;--awb-margin-bottom-large:20px;--awb-spacing-left-large:4.8%;--awb-width-medium:40%;--awb-order-medium:0;--awb-spacing-right-medium:4.8%;--awb-spacing-left-medium:4.8%;--awb-width-small:100%;--awb-order-small:0;--awb-spacing-right-small:1.92%;--awb-spacing-left-small:1.92%;\"><div class=\"fusion-column-wrapper fusion-column-has-shadow fusion-flex-justify-content-flex-start fusion-content-layout-column\"><div class=\"fusion-image-element\" style=\"--awb-caption-title-font-family:var(--h2_typography-font-family);--awb-caption-title-font-weight:var(--h2_typography-font-weight);--awb-caption-title-font-style:var(--h2_typography-font-style);--awb-caption-title-size:var(--h2_typography-font-size);--awb-caption-title-transform:var(--h2_typography-text-transform);--awb-caption-title-line-height:var(--h2_typography-line-height);--awb-caption-title-letter-spacing:var(--h2_typography-letter-spacing);\"><span class=\"fusion-imageframe imageframe-none imageframe-4 hover-type-none\"><img decoding=\"async\" width=\"1635\" height=\"2560\" title=\"1R8A4869\" src=\"https:\/\/theview.villas\/wp-content\/uploads\/2024\/02\/1R8A4869-scaled.jpg\" data-orig-src=\"https:\/\/theview.villas\/wp-content\/uploads\/2024\/02\/1R8A4869-scaled.jpg\" alt class=\"lazyload img-responsive wp-image-3419\" srcset=\"data:image\/svg+xml,%3Csvg%20xmlns%3D%27http%3A%2F%2Fwww.w3.org%2F2000%2Fsvg%27%20width%3D%271635%27%20height%3D%272560%27%20viewBox%3D%270%200%201635%202560%27%3E%3Crect%20width%3D%271635%27%20height%3D%272560%27%20fill-opacity%3D%220%22%2F%3E%3C%2Fsvg%3E\" data-srcset=\"https:\/\/theview.villas\/wp-content\/uploads\/2024\/02\/1R8A4869-200x313.jpg 200w, https:\/\/theview.villas\/wp-content\/uploads\/2024\/02\/1R8A4869-400x626.jpg 400w, https:\/\/theview.villas\/wp-content\/uploads\/2024\/02\/1R8A4869-600x940.jpg 600w, https:\/\/theview.villas\/wp-content\/uploads\/2024\/02\/1R8A4869-800x1253.jpg 800w, https:\/\/theview.villas\/wp-content\/uploads\/2024\/02\/1R8A4869-1200x1879.jpg 1200w, https:\/\/theview.villas\/wp-content\/uploads\/2024\/02\/1R8A4869-scaled.jpg 1635w\" data-sizes=\"auto\" data-orig-sizes=\"(max-width: 640px) 100vw, 600px\" \/><\/span><\/div><\/div><\/div><\/div><\/div><\/p>","protected":false},"excerpt":{"rendered":"","protected":false},"author":1,"featured_media":0,"parent":0,"menu_order":0,"comment_status":"closed","ping_status":"closed","template":"100-width.php","meta":{"footnotes":""},"class_list":["post-67","page","type-page","status-publish","hentry"],"yoast_head":"<!-- This site is optimized with the Yoast SEO plugin v27.3 - https:\/\/yoast.com\/product\/yoast-seo-wordpress\/ -->\n<title>Contact - The View Villas<\/title>\n<meta name=\"robots\" content=\"index, follow, max-snippet:-1, max-image-preview:large, max-video-preview:-1\" \/>\n<link rel=\"canonical\" href=\"https:\/\/theview.villas\/fr\/contact\/\" \/>\n<meta property=\"og:locale\" content=\"fr_FR\" \/>\n<meta property=\"og:type\" content=\"article\" \/>\n<meta property=\"og:title\" content=\"Contact - The View Villas\" \/>\n<meta property=\"og:url\" content=\"https:\/\/theview.villas\/fr\/contact\/\" \/>\n<meta property=\"og:site_name\" content=\"The View Villas\" \/>\n<meta property=\"article:publisher\" content=\"https:\/\/www.instagram.com\/viewvillas\/\" \/>\n<meta property=\"article:modified_time\" content=\"2024-11-14T12:08:47+00:00\" \/>\n<meta name=\"twitter:card\" content=\"summary_large_image\" \/>\n<meta name=\"twitter:label1\" content=\"Dur\u00e9e de lecture estim\u00e9e\" \/>\n\t<meta name=\"twitter:data1\" content=\"20 minutes\" \/>\n<script type=\"application\/ld+json\" class=\"yoast-schema-graph\">{\"@context\":\"https:\\\/\\\/schema.org\",\"@graph\":[{\"@type\":\"WebPage\",\"@id\":\"https:\\\/\\\/theview.villas\\\/en\\\/contact\\\/\",\"url\":\"https:\\\/\\\/theview.villas\\\/en\\\/contact\\\/\",\"name\":\"Contact - The View Villas\",\"isPartOf\":{\"@id\":\"https:\\\/\\\/theview.villas\\\/en\\\/#website\"},\"datePublished\":\"2023-07-26T20:26:41+00:00\",\"dateModified\":\"2024-11-14T12:08:47+00:00\",\"breadcrumb\":{\"@id\":\"https:\\\/\\\/theview.villas\\\/en\\\/contact\\\/#breadcrumb\"},\"inLanguage\":\"fr-FR\",\"potentialAction\":[{\"@type\":\"ReadAction\",\"target\":[\"https:\\\/\\\/theview.villas\\\/en\\\/contact\\\/\"]}]},{\"@type\":\"BreadcrumbList\",\"@id\":\"https:\\\/\\\/theview.villas\\\/en\\\/contact\\\/#breadcrumb\",\"itemListElement\":[{\"@type\":\"ListItem\",\"position\":1,\"name\":\"Home\",\"item\":\"https:\\\/\\\/theview.villas\\\/en\\\/\"},{\"@type\":\"ListItem\",\"position\":2,\"name\":\"Contact\"}]},{\"@type\":\"WebSite\",\"@id\":\"https:\\\/\\\/theview.villas\\\/en\\\/#website\",\"url\":\"https:\\\/\\\/theview.villas\\\/en\\\/\",\"name\":\"The View Villas\",\"description\":\"\",\"publisher\":{\"@id\":\"https:\\\/\\\/theview.villas\\\/en\\\/#organization\"},\"potentialAction\":[{\"@type\":\"SearchAction\",\"target\":{\"@type\":\"EntryPoint\",\"urlTemplate\":\"https:\\\/\\\/theview.villas\\\/en\\\/?s={search_term_string}\"},\"query-input\":{\"@type\":\"PropertyValueSpecification\",\"valueRequired\":true,\"valueName\":\"search_term_string\"}}],\"inLanguage\":\"fr-FR\"},{\"@type\":\"Organization\",\"@id\":\"https:\\\/\\\/theview.villas\\\/en\\\/#organization\",\"name\":\"The View Villas\",\"url\":\"https:\\\/\\\/theview.villas\\\/en\\\/\",\"logo\":{\"@type\":\"ImageObject\",\"inLanguage\":\"fr-FR\",\"@id\":\"https:\\\/\\\/theview.villas\\\/en\\\/#\\\/schema\\\/logo\\\/image\\\/\",\"url\":\"https:\\\/\\\/theview.villas\\\/wp-content\\\/uploads\\\/2024\\\/02\\\/white-logo-400x291-1.svg\",\"contentUrl\":\"https:\\\/\\\/theview.villas\\\/wp-content\\\/uploads\\\/2024\\\/02\\\/white-logo-400x291-1.svg\",\"width\":121,\"height\":88,\"caption\":\"The View Villas\"},\"image\":{\"@id\":\"https:\\\/\\\/theview.villas\\\/en\\\/#\\\/schema\\\/logo\\\/image\\\/\"},\"sameAs\":[\"https:\\\/\\\/www.instagram.com\\\/viewvillas\\\/\"]}]}<\/script>\n<!-- \/ Yoast SEO plugin. -->","yoast_head_json":{"title":"Contact - The View Villas","robots":{"index":"index","follow":"follow","max-snippet":"max-snippet:-1","max-image-preview":"max-image-preview:large","max-video-preview":"max-video-preview:-1"},"canonical":"https:\/\/theview.villas\/fr\/contact\/","og_locale":"fr_FR","og_type":"article","og_title":"Contact - The View Villas","og_url":"https:\/\/theview.villas\/fr\/contact\/","og_site_name":"The View Villas","article_publisher":"https:\/\/www.instagram.com\/viewvillas\/","article_modified_time":"2024-11-14T12:08:47+00:00","twitter_card":"summary_large_image","twitter_misc":{"Dur\u00e9e de lecture estim\u00e9e":"20 minutes"},"schema":{"@context":"https:\/\/schema.org","@graph":[{"@type":"WebPage","@id":"https:\/\/theview.villas\/en\/contact\/","url":"https:\/\/theview.villas\/en\/contact\/","name":"Contact - The View Villas","isPartOf":{"@id":"https:\/\/theview.villas\/en\/#website"},"datePublished":"2023-07-26T20:26:41+00:00","dateModified":"2024-11-14T12:08:47+00:00","breadcrumb":{"@id":"https:\/\/theview.villas\/en\/contact\/#breadcrumb"},"inLanguage":"fr-FR","potentialAction":[{"@type":"ReadAction","target":["https:\/\/theview.villas\/en\/contact\/"]}]},{"@type":"BreadcrumbList","@id":"https:\/\/theview.villas\/en\/contact\/#breadcrumb","itemListElement":[{"@type":"ListItem","position":1,"name":"Home","item":"https:\/\/theview.villas\/en\/"},{"@type":"ListItem","position":2,"name":"Contact"}]},{"@type":"WebSite","@id":"https:\/\/theview.villas\/en\/#website","url":"https:\/\/theview.villas\/en\/","name":"The View Villas","description":"","publisher":{"@id":"https:\/\/theview.villas\/en\/#organization"},"potentialAction":[{"@type":"SearchAction","target":{"@type":"EntryPoint","urlTemplate":"https:\/\/theview.villas\/en\/?s={search_term_string}"},"query-input":{"@type":"PropertyValueSpecification","valueRequired":true,"valueName":"search_term_string"}}],"inLanguage":"fr-FR"},{"@type":"Organization","@id":"https:\/\/theview.villas\/en\/#organization","name":"The View Villas","url":"https:\/\/theview.villas\/en\/","logo":{"@type":"ImageObject","inLanguage":"fr-FR","@id":"https:\/\/theview.villas\/en\/#\/schema\/logo\/image\/","url":"https:\/\/theview.villas\/wp-content\/uploads\/2024\/02\/white-logo-400x291-1.svg","contentUrl":"https:\/\/theview.villas\/wp-content\/uploads\/2024\/02\/white-logo-400x291-1.svg","width":121,"height":88,"caption":"The View Villas"},"image":{"@id":"https:\/\/theview.villas\/en\/#\/schema\/logo\/image\/"},"sameAs":["https:\/\/www.instagram.com\/viewvillas\/"]}]}},"_links":{"self":[{"href":"https:\/\/theview.villas\/fr\/wp-json\/wp\/v2\/pages\/67","targetHints":{"allow":["GET"]}}],"collection":[{"href":"https:\/\/theview.villas\/fr\/wp-json\/wp\/v2\/pages"}],"about":[{"href":"https:\/\/theview.villas\/fr\/wp-json\/wp\/v2\/types\/page"}],"author":[{"embeddable":true,"href":"https:\/\/theview.villas\/fr\/wp-json\/wp\/v2\/users\/1"}],"replies":[{"embeddable":true,"href":"https:\/\/theview.villas\/fr\/wp-json\/wp\/v2\/comments?post=67"}],"version-history":[{"count":162,"href":"https:\/\/theview.villas\/fr\/wp-json\/wp\/v2\/pages\/67\/revisions"}],"predecessor-version":[{"id":3977,"href":"https:\/\/theview.villas\/fr\/wp-json\/wp\/v2\/pages\/67\/revisions\/3977"}],"wp:attachment":[{"href":"https:\/\/theview.villas\/fr\/wp-json\/wp\/v2\/media?parent=67"}],"curies":[{"name":"wp","href":"https:\/\/api.w.org\/{rel}","templated":true}]}}